{"id":1027,"date":"2019-12-18T15:37:44","date_gmt":"2019-12-18T20:37:44","guid":{"rendered":"https:\/\/be-area.ca\/?page_id=1027"},"modified":"2025-02-13T12:52:08","modified_gmt":"2025-02-13T17:52:08","slug":"news","status":"publish","type":"page","link":"https:\/\/moxyinc.ca\/cwoht\/fr\/news\/","title":{"rendered":"Nouvelles"},"content":{"rendered":"<style>.kt-post-loop1027_368a5b-f629 .kadence-post-image{padding-top:0px;padding-right:30px;padding-bottom:10px;padding-left:0px;}.kt-post-loop1027_368a5b-f629 .kt-feat-image-align-left{grid-template-columns:20% auto;}.kt-post-loop1027_368a5b-f629 .kt-post-grid-wrap{gap:38px 30px;}.kt-post-loop1027_368a5b-f629 .kt-blocks-post-grid-item{border-top-left-radius:0px;border-top-right-radius:0px;border-bottom-right-radius:0px;border-bottom-left-radius:0px;border-top-color:currentColor;border-top-style:solid;border-right-color:currentColor;border-right-style:solid;border-bottom-color:currentColor;border-bottom-style:solid;border-left-color:currentColor;border-left-style:solid;overflow:hidden;}.kt-post-loop1027_368a5b-f629 .kt-blocks-post-grid-item .kt-blocks-post-grid-item-inner{padding-top:0px;padding-right:0px;padding-bottom:0px;padding-left:0px;}.kt-post-loop1027_368a5b-f629 .kt-blocks-post-grid-item header{padding-top:0px;padding-right:0px;padding-bottom:10px;padding-left:0px;margin-top:0px;margin-right:0px;margin-bottom:0px;margin-left:0px;}.kt-post-loop1027_368a5b-f629 .kt-blocks-post-grid-item .kt-blocks-above-categories{font-size:13px;line-height:20px;text-transform:uppercase;}.kt-post-loop1027_368a5b-f629 .kt-blocks-post-grid-item .entry-title{color:#0a7574;padding-top:5px;padding-right:0px;padding-bottom:0px;padding-left:0px;margin-top:0px;margin-right:0px;margin-bottom:0px;margin-left:0px;font-size:var(--global-kb-font-size-lg, 2rem);line-height:1.1;}.kt-post-loop1027_368a5b-f629 .entry-content{padding-top:0px;padding-right:0px;padding-bottom:0px;padding-left:0px;margin-top:0px;margin-right:0px;margin-bottom:0px;margin-left:0px;font-size:14px;line-height:24px;}.kt-post-loop1027_368a5b-f629 .kt-blocks-post-footer{border-top-width:0px;border-right-width:0px;border-bottom-width:0px;border-left-width:0px;padding-top:0px;padding-right:0px;padding-bottom:0px;padding-left:0px;margin-top:0px;margin-right:0px;margin-bottom:0px;margin-left:0px;font-size:12px;line-height:20px;text-transform:uppercase;}.kt-post-loop1027_368a5b-f629 .entry-content:after{height:0px;}.kt-post-loop1027_368a5b-f629 .kb-filter-item{border-top-width:0px;border-right-width:0px;border-bottom-width:2px;border-left-width:0px;padding-top:5px;padding-right:8px;padding-bottom:5px;padding-left:8px;margin-top:0px;margin-right:10px;margin-bottom:0px;margin-left:0px;}@media all and (max-width: 1024px){.kt-post-loop1027_368a5b-f629 .kt-blocks-post-grid-item{border-top-color:currentColor;border-top-style:solid;border-right-color:currentColor;border-right-style:solid;border-bottom-color:currentColor;border-bottom-style:solid;border-left-color:currentColor;border-left-style:solid;}}@media all and (max-width: 767px){.kt-post-loop1027_368a5b-f629 .kt-blocks-post-grid-item{border-top-color:currentColor;border-top-style:solid;border-right-color:currentColor;border-right-style:solid;border-bottom-color:currentColor;border-bottom-style:solid;border-left-color:currentColor;border-left-style:solid;}}<\/style><div class=\"wp-block-kadence-postgrid kt-blocks-post-loop-block alignnone kt-post-loop1027_368a5b-f629 kt-post-grid-layout-grid\"><div class=\"kt-post-grid-layout-grid-wrap kt-post-grid-wrap\" data-columns-xxl=\"1\" data-columns-xl=\"1\" data-columns-md=\"1\" data-columns-sm=\"1\" data-columns-xs=\"1\" data-columns-ss=\"1\"data-item-selector=\".kt-post-masonry-item\" aria-label=\"Post Carousel\"><article class=\"kt-blocks-post-grid-item post-1859 post type-post status-publish format-standard has-post-thumbnail hentry category-media-release\"><div class=\"kt-blocks-post-grid-item-inner-wrap kt-feat-image-align-left kt-feat-image-mobile-align-top\"><div class=\"kadence-post-image\"><div class=\"kadence-post-image-intrisic kt-image-ratio-133-33\" style=\"padding-bottom:133.33%;\"><div class=\"kadence-post-image-inner-intrisic\"><a aria-hidden=\"true\" tabindex=\"-1\" role=\"presentation\" href=\"https:\/\/moxyinc.ca\/cwoht\/fr\/central-west-oht-endorsment-process\/\" aria-label=\"Mise \u00e0 jour du processus d&#039;approbation de l&#039;OHT du centre-ouest\" class=\"kadence-post-image-inner-wrap\"><img loading=\"lazy\" decoding=\"async\" width=\"768\" height=\"434\" src=\"https:\/\/moxyinc.ca\/cwoht\/wp-content\/uploads\/sites\/29\/2023\/03\/Screenshot-20-1-768x434.png\" class=\"attachment-medium_large size-medium_large wp-post-image\" alt=\"\" srcset=\"https:\/\/moxyinc.ca\/cwoht\/wp-content\/uploads\/sites\/29\/2023\/03\/Screenshot-20-1-768x434.png 768w, https:\/\/moxyinc.ca\/cwoht\/wp-content\/uploads\/sites\/29\/2023\/03\/Screenshot-20-1-300x169.png 300w, https:\/\/moxyinc.ca\/cwoht\/wp-content\/uploads\/sites\/29\/2023\/03\/Screenshot-20-1-1024x578.png 1024w, https:\/\/moxyinc.ca\/cwoht\/wp-content\/uploads\/sites\/29\/2023\/03\/Screenshot-20-1-1536x867.png 1536w, https:\/\/moxyinc.ca\/cwoht\/wp-content\/uploads\/sites\/29\/2023\/03\/Screenshot-20-1-18x10.png 18w, https:\/\/moxyinc.ca\/cwoht\/wp-content\/uploads\/sites\/29\/2023\/03\/Screenshot-20-1-200x113.png 200w, https:\/\/moxyinc.ca\/cwoht\/wp-content\/uploads\/sites\/29\/2023\/03\/Screenshot-20-1-400x226.png 400w, https:\/\/moxyinc.ca\/cwoht\/wp-content\/uploads\/sites\/29\/2023\/03\/Screenshot-20-1-600x339.png 600w, https:\/\/moxyinc.ca\/cwoht\/wp-content\/uploads\/sites\/29\/2023\/03\/Screenshot-20-1-800x452.png 800w, https:\/\/moxyinc.ca\/cwoht\/wp-content\/uploads\/sites\/29\/2023\/03\/Screenshot-20-1-1200x677.png 1200w, https:\/\/moxyinc.ca\/cwoht\/wp-content\/uploads\/sites\/29\/2023\/03\/Screenshot-20-1.png 2000w\" sizes=\"auto, (max-width: 768px) 100vw, 768px\" \/><\/a><\/div><\/div><\/div><div class=\"kt-blocks-post-grid-item-inner\"><header><h3 class=\"entry-title\"><a href=\"https:\/\/moxyinc.ca\/cwoht\/fr\/central-west-oht-endorsment-process\/\">Mise \u00e0 jour du processus d&#039;approbation de l&#039;OHT du centre-ouest<\/a><\/h3><div class=\"kt-blocks-post-top-meta\"><\/div><\/header><div class=\"entry-content\">Le Conseil de collaboration des ESO a revu le processus d&#039;approbation des ESO afin de le rendre plus efficace et simplifi\u00e9. Ce processus est utilis\u00e9 lorsqu&#039;une organisation, un fournisseur ou un groupe d&#039;organisations\u2026<\/div><footer class=\"kt-blocks-post-footer\"><div class=\"kt-blocks-post-footer-left\"><\/div><div class=\"kt-blocks-post-footer-right\"><\/div><\/footer><\/div><\/div><\/article><article class=\"kt-blocks-post-grid-item post-1996 post type-post status-publish format-standard has-post-thumbnail hentry category-media-release\"><div class=\"kt-blocks-post-grid-item-inner-wrap kt-feat-image-align-left kt-feat-image-mobile-align-top\"><div class=\"kadence-post-image\"><div class=\"kadence-post-image-intrisic kt-image-ratio-133-33\" style=\"padding-bottom:133.33%;\"><div class=\"kadence-post-image-inner-intrisic\"><a aria-hidden=\"true\" tabindex=\"-1\" role=\"presentation\" href=\"https:\/\/moxyinc.ca\/cwoht\/fr\/local-partners-submit-full-ontario-health-team-application-showcasing-innovative-integrated-health-care-model-for-community\/\" aria-label=\"Les partenaires locaux soumettent une demande compl\u00e8te d&#039;\u00e9quipe Sant\u00e9 Ontario pr\u00e9sentant un mod\u00e8le de soins de sant\u00e9 innovant et int\u00e9gr\u00e9 pour la communaut\u00e9\" class=\"kadence-post-image-inner-wrap\"><img loading=\"lazy\" decoding=\"async\" width=\"768\" height=\"512\" src=\"https:\/\/moxyinc.ca\/cwoht\/wp-content\/uploads\/sites\/29\/2021\/10\/Brampton-Etobicoke-and-Area-OHT-Partners-Photo-768x512.jpg\" class=\"attachment-medium_large size-medium_large wp-post-image\" alt=\"A group of health care partners posing together for a photo.\" srcset=\"https:\/\/moxyinc.ca\/cwoht\/wp-content\/uploads\/sites\/29\/2021\/10\/Brampton-Etobicoke-and-Area-OHT-Partners-Photo-768x512.jpg 768w, https:\/\/moxyinc.ca\/cwoht\/wp-content\/uploads\/sites\/29\/2021\/10\/Brampton-Etobicoke-and-Area-OHT-Partners-Photo-300x200.jpg 300w, https:\/\/moxyinc.ca\/cwoht\/wp-content\/uploads\/sites\/29\/2021\/10\/Brampton-Etobicoke-and-Area-OHT-Partners-Photo-1024x683.jpg 1024w, https:\/\/moxyinc.ca\/cwoht\/wp-content\/uploads\/sites\/29\/2021\/10\/Brampton-Etobicoke-and-Area-OHT-Partners-Photo-200x133.jpg 200w, https:\/\/moxyinc.ca\/cwoht\/wp-content\/uploads\/sites\/29\/2021\/10\/Brampton-Etobicoke-and-Area-OHT-Partners-Photo-400x267.jpg 400w, https:\/\/moxyinc.ca\/cwoht\/wp-content\/uploads\/sites\/29\/2021\/10\/Brampton-Etobicoke-and-Area-OHT-Partners-Photo-600x400.jpg 600w, https:\/\/moxyinc.ca\/cwoht\/wp-content\/uploads\/sites\/29\/2021\/10\/Brampton-Etobicoke-and-Area-OHT-Partners-Photo-800x533.jpg 800w, https:\/\/moxyinc.ca\/cwoht\/wp-content\/uploads\/sites\/29\/2021\/10\/Brampton-Etobicoke-and-Area-OHT-Partners-Photo-1200x800.jpg 1200w, https:\/\/moxyinc.ca\/cwoht\/wp-content\/uploads\/sites\/29\/2021\/10\/Brampton-Etobicoke-and-Area-OHT-Partners-Photo.jpg 1500w\" sizes=\"auto, (max-width: 768px) 100vw, 768px\" \/><\/a><\/div><\/div><\/div><div class=\"kt-blocks-post-grid-item-inner\"><header><h3 class=\"entry-title\"><a href=\"https:\/\/moxyinc.ca\/cwoht\/fr\/local-partners-submit-full-ontario-health-team-application-showcasing-innovative-integrated-health-care-model-for-community\/\">Les partenaires locaux soumettent une demande compl\u00e8te d&#039;\u00e9quipe Sant\u00e9 Ontario pr\u00e9sentant un mod\u00e8le de soins de sant\u00e9 innovant et int\u00e9gr\u00e9 pour la communaut\u00e9<\/a><\/h3><div class=\"kt-blocks-post-top-meta\"><\/div><\/header><div class=\"entry-content\">11 novembre 2019, BRAMPTON\/ETOBICOKE \u2013 Des fournisseurs de soins de sant\u00e9 locaux \u2013 186 groupes\/individus au total \u2013 se sont r\u00e9unis pour soumettre une demande compl\u00e8te pour une \u00e9quipe Sant\u00e9 Ontario (\u00c9SO) \u00ab Brampton\/Etobicoke et sa r\u00e9gion \u00bb afin de\u2026<\/div><footer class=\"kt-blocks-post-footer\"><div class=\"kt-blocks-post-footer-left\"><\/div><div class=\"kt-blocks-post-footer-right\"><\/div><\/footer><\/div><\/div><\/article><\/div><\/div><!-- .wp-block-kadence-postgrid -->\n\n\n<p><\/p>","protected":false},"excerpt":{"rendered":"","protected":false},"author":1,"featured_media":2283,"parent":0,"menu_order":0,"comment_status":"closed","ping_status":"closed","template":"","meta":{"_acf_changed":false,"_kad_blocks_custom_css":"","_kad_blocks_head_custom_js":"","_kad_blocks_body_custom_js":"","_kad_blocks_footer_custom_js":"","footnotes":""},"class_list":["post-1027","page","type-page","status-publish","has-post-thumbnail","hentry"],"acf":[],"yoast_head":"<!-- This site is optimized with the Yoast SEO plugin v27.4 - https:\/\/yoast.com\/product\/yoast-seo-wordpress\/ -->\n<title>News - Central West Ontario Health Team<\/title>\n<meta name=\"robots\" content=\"index, follow, max-snippet:-1, max-image-preview:large, max-video-preview:-1\" \/>\n<link rel=\"canonical\" href=\"https:\/\/moxyinc.ca\/cwoht\/fr\/news\/\" \/>\n<meta property=\"og:locale\" content=\"fr_CA\" \/>\n<meta property=\"og:type\" content=\"article\" \/>\n<meta property=\"og:title\" content=\"News - Central West Ontario Health Team\" \/>\n<meta property=\"og:url\" content=\"https:\/\/moxyinc.ca\/cwoht\/fr\/news\/\" \/>\n<meta property=\"og:site_name\" content=\"Central West Ontario Health Team\" \/>\n<meta property=\"article:modified_time\" content=\"2025-02-13T17:52:08+00:00\" \/>\n<meta property=\"og:image\" content=\"https:\/\/moxyinc.ca\/cwoht\/wp-content\/uploads\/sites\/29\/2021\/10\/Brampton-Etobicoke-and-Area-OHT-Partners-Photo.jpg\" \/>\n\t<meta property=\"og:image:width\" content=\"1500\" \/>\n\t<meta property=\"og:image:height\" content=\"1000\" \/>\n\t<meta property=\"og:image:type\" content=\"image\/jpeg\" \/>\n<meta name=\"twitter:card\" content=\"summary_large_image\" \/>\n<meta name=\"twitter:label1\" content=\"Estimation du temps de lecture\" \/>\n\t<meta name=\"twitter:data1\" content=\"1 minute\" \/>\n<script type=\"application\/ld+json\" class=\"yoast-schema-graph\">{\"@context\":\"https:\\\/\\\/schema.org\",\"@graph\":[{\"@type\":\"WebPage\",\"@id\":\"https:\\\/\\\/moxyinc.ca\\\/cwoht\\\/fr\\\/news\\\/\",\"url\":\"https:\\\/\\\/moxyinc.ca\\\/cwoht\\\/fr\\\/news\\\/\",\"name\":\"News - Central West Ontario Health Team\",\"isPartOf\":{\"@id\":\"https:\\\/\\\/moxyinc.ca\\\/cwoht\\\/fr\\\/#website\"},\"primaryImageOfPage\":{\"@id\":\"https:\\\/\\\/moxyinc.ca\\\/cwoht\\\/fr\\\/news\\\/#primaryimage\"},\"image\":{\"@id\":\"https:\\\/\\\/moxyinc.ca\\\/cwoht\\\/fr\\\/news\\\/#primaryimage\"},\"thumbnailUrl\":\"https:\\\/\\\/moxyinc.ca\\\/cwoht\\\/wp-content\\\/uploads\\\/sites\\\/29\\\/2021\\\/10\\\/Brampton-Etobicoke-and-Area-OHT-Partners-Photo.jpg\",\"datePublished\":\"2019-12-18T20:37:44+00:00\",\"dateModified\":\"2025-02-13T17:52:08+00:00\",\"breadcrumb\":{\"@id\":\"https:\\\/\\\/moxyinc.ca\\\/cwoht\\\/fr\\\/news\\\/#breadcrumb\"},\"inLanguage\":\"fr-CA\",\"potentialAction\":[{\"@type\":\"ReadAction\",\"target\":[\"https:\\\/\\\/moxyinc.ca\\\/cwoht\\\/fr\\\/news\\\/\"]}]},{\"@type\":\"ImageObject\",\"inLanguage\":\"fr-CA\",\"@id\":\"https:\\\/\\\/moxyinc.ca\\\/cwoht\\\/fr\\\/news\\\/#primaryimage\",\"url\":\"https:\\\/\\\/moxyinc.ca\\\/cwoht\\\/wp-content\\\/uploads\\\/sites\\\/29\\\/2021\\\/10\\\/Brampton-Etobicoke-and-Area-OHT-Partners-Photo.jpg\",\"contentUrl\":\"https:\\\/\\\/moxyinc.ca\\\/cwoht\\\/wp-content\\\/uploads\\\/sites\\\/29\\\/2021\\\/10\\\/Brampton-Etobicoke-and-Area-OHT-Partners-Photo.jpg\",\"width\":1500,\"height\":1000,\"caption\":\"A group of health care partners posing together for a photo.\"},{\"@type\":\"BreadcrumbList\",\"@id\":\"https:\\\/\\\/moxyinc.ca\\\/cwoht\\\/fr\\\/news\\\/#breadcrumb\",\"itemListElement\":[{\"@type\":\"ListItem\",\"position\":1,\"name\":\"Accueil\",\"item\":\"https:\\\/\\\/moxyinc.ca\\\/cwoht\\\/fr\\\/\"},{\"@type\":\"ListItem\",\"position\":2,\"name\":\"News\"}]},{\"@type\":\"WebSite\",\"@id\":\"https:\\\/\\\/moxyinc.ca\\\/cwoht\\\/fr\\\/#website\",\"url\":\"https:\\\/\\\/moxyinc.ca\\\/cwoht\\\/fr\\\/\",\"name\":\"Central West Ontario Health Team\",\"description\":\"Serving Brampton, North Etobicoke, West Woodbridge, Malton and Bramalea\",\"potentialAction\":[{\"@type\":\"SearchAction\",\"target\":{\"@type\":\"EntryPoint\",\"urlTemplate\":\"https:\\\/\\\/moxyinc.ca\\\/cwoht\\\/fr\\\/?s={search_term_string}\"},\"query-input\":{\"@type\":\"PropertyValueSpecification\",\"valueRequired\":true,\"valueName\":\"search_term_string\"}}],\"inLanguage\":\"fr-CA\"}]}<\/script>\n<!-- \/ Yoast SEO plugin. -->","yoast_head_json":{"title":"News - Central West Ontario Health Team","robots":{"index":"index","follow":"follow","max-snippet":"max-snippet:-1","max-image-preview":"max-image-preview:large","max-video-preview":"max-video-preview:-1"},"canonical":"https:\/\/moxyinc.ca\/cwoht\/fr\/news\/","og_locale":"fr_CA","og_type":"article","og_title":"News - Central West Ontario Health Team","og_url":"https:\/\/moxyinc.ca\/cwoht\/fr\/news\/","og_site_name":"Central West Ontario Health Team","article_modified_time":"2025-02-13T17:52:08+00:00","og_image":[{"width":1500,"height":1000,"url":"https:\/\/moxyinc.ca\/cwoht\/wp-content\/uploads\/sites\/29\/2021\/10\/Brampton-Etobicoke-and-Area-OHT-Partners-Photo.jpg","type":"image\/jpeg"}],"twitter_card":"summary_large_image","twitter_misc":{"Estimation du temps de lecture":"1 minute"},"schema":{"@context":"https:\/\/schema.org","@graph":[{"@type":"WebPage","@id":"https:\/\/moxyinc.ca\/cwoht\/fr\/news\/","url":"https:\/\/moxyinc.ca\/cwoht\/fr\/news\/","name":"News - Central West Ontario Health Team","isPartOf":{"@id":"https:\/\/moxyinc.ca\/cwoht\/fr\/#website"},"primaryImageOfPage":{"@id":"https:\/\/moxyinc.ca\/cwoht\/fr\/news\/#primaryimage"},"image":{"@id":"https:\/\/moxyinc.ca\/cwoht\/fr\/news\/#primaryimage"},"thumbnailUrl":"https:\/\/moxyinc.ca\/cwoht\/wp-content\/uploads\/sites\/29\/2021\/10\/Brampton-Etobicoke-and-Area-OHT-Partners-Photo.jpg","datePublished":"2019-12-18T20:37:44+00:00","dateModified":"2025-02-13T17:52:08+00:00","breadcrumb":{"@id":"https:\/\/moxyinc.ca\/cwoht\/fr\/news\/#breadcrumb"},"inLanguage":"fr-CA","potentialAction":[{"@type":"ReadAction","target":["https:\/\/moxyinc.ca\/cwoht\/fr\/news\/"]}]},{"@type":"ImageObject","inLanguage":"fr-CA","@id":"https:\/\/moxyinc.ca\/cwoht\/fr\/news\/#primaryimage","url":"https:\/\/moxyinc.ca\/cwoht\/wp-content\/uploads\/sites\/29\/2021\/10\/Brampton-Etobicoke-and-Area-OHT-Partners-Photo.jpg","contentUrl":"https:\/\/moxyinc.ca\/cwoht\/wp-content\/uploads\/sites\/29\/2021\/10\/Brampton-Etobicoke-and-Area-OHT-Partners-Photo.jpg","width":1500,"height":1000,"caption":"A group of health care partners posing together for a photo."},{"@type":"BreadcrumbList","@id":"https:\/\/moxyinc.ca\/cwoht\/fr\/news\/#breadcrumb","itemListElement":[{"@type":"ListItem","position":1,"name":"Accueil","item":"https:\/\/moxyinc.ca\/cwoht\/fr\/"},{"@type":"ListItem","position":2,"name":"News"}]},{"@type":"WebSite","@id":"https:\/\/moxyinc.ca\/cwoht\/fr\/#website","url":"https:\/\/moxyinc.ca\/cwoht\/fr\/","name":"\u00c9quipe Sant\u00e9 du Centre-Ouest de l&#039;Ontario","description":"Desservant Brampton, North Etobicoke, West Woodbridge, Malton et Bramalea","potentialAction":[{"@type":"SearchAction","target":{"@type":"EntryPoint","urlTemplate":"https:\/\/moxyinc.ca\/cwoht\/fr\/?s={search_term_string}"},"query-input":{"@type":"PropertyValueSpecification","valueRequired":true,"valueName":"search_term_string"}}],"inLanguage":"fr-CA"}]}},"taxonomy_info":[],"featured_image_src_large":["https:\/\/moxyinc.ca\/cwoht\/wp-content\/uploads\/sites\/29\/2021\/10\/Brampton-Etobicoke-and-Area-OHT-Partners-Photo-1024x683.jpg",1024,683,true],"author_info":{"display_name":"Moxy","author_link":"https:\/\/moxyinc.ca\/cwoht\/fr\/author\/moxy\/"},"comment_info":0,"_links":{"self":[{"href":"https:\/\/moxyinc.ca\/cwoht\/fr\/wp-json\/wp\/v2\/pages\/1027","targetHints":{"allow":["GET"]}}],"collection":[{"href":"https:\/\/moxyinc.ca\/cwoht\/fr\/wp-json\/wp\/v2\/pages"}],"about":[{"href":"https:\/\/moxyinc.ca\/cwoht\/fr\/wp-json\/wp\/v2\/types\/page"}],"author":[{"embeddable":true,"href":"https:\/\/moxyinc.ca\/cwoht\/fr\/wp-json\/wp\/v2\/users\/1"}],"replies":[{"embeddable":true,"href":"https:\/\/moxyinc.ca\/cwoht\/fr\/wp-json\/wp\/v2\/comments?post=1027"}],"version-history":[{"count":0,"href":"https:\/\/moxyinc.ca\/cwoht\/fr\/wp-json\/wp\/v2\/pages\/1027\/revisions"}],"wp:featuredmedia":[{"embeddable":true,"href":"https:\/\/moxyinc.ca\/cwoht\/fr\/wp-json\/wp\/v2\/media\/2283"}],"wp:attachment":[{"href":"https:\/\/moxyinc.ca\/cwoht\/fr\/wp-json\/wp\/v2\/media?parent=1027"}],"curies":[{"name":"wp","href":"https:\/\/api.w.org\/{rel}","templated":true}]}}