{"id":1404,"date":"2020-02-24T17:26:49","date_gmt":"2020-02-24T22:26:49","guid":{"rendered":"https:\/\/be-area.ca\/?page_id=1404"},"modified":"2025-02-24T10:38:55","modified_gmt":"2025-02-24T15:38:55","slug":"contact-us","status":"publish","type":"page","link":"https:\/\/moxyinc.ca\/cwoht\/fr\/about\/contact-us\/","title":{"rendered":"Nous contacter"},"content":{"rendered":"<style>.kb-row-layout-id1404_67114a-17 > .kt-row-column-wrap{align-content:start;}:where(.kb-row-layout-id1404_67114a-17 > .kt-row-column-wrap) > .wp-block-kadence-column{justify-content:start;}.kb-row-layout-id1404_67114a-17 > .kt-row-column-wrap{column-gap:var(--global-kb-gap-md, 2rem);row-gap:var(--global-kb-gap-md, 2rem);max-width:var(--wp--style--global--content-size);padding-top:var(--global-kb-spacing-sm, 1.5rem);padding-bottom:var(--global-kb-spacing-sm, 1.5rem);grid-template-columns:minmax(0, 1fr);}.kb-row-layout-id1404_67114a-17 > .kt-row-layout-overlay{opacity:0.30;}@media all and (max-width: 1024px){.kb-row-layout-id1404_67114a-17 > .kt-row-column-wrap{grid-template-columns:minmax(0, 1fr);}}@media all and (max-width: 767px){.kb-row-layout-id1404_67114a-17 > .kt-row-column-wrap{grid-template-columns:minmax(0, 1fr);}}<\/style><div class=\"kb-row-layout-wrap kb-row-layout-id1404_67114a-17 alignnone wp-block-kadence-rowlayout\"><div class=\"kt-row-column-wrap kt-has-1-columns kt-row-layout-equal kt-tab-layout-inherit kt-mobile-layout-row kt-row-valign-top kb-theme-content-width\">\n<style>.kadence-column1404_5b1860-fb > .kt-inside-inner-col,.kadence-column1404_5b1860-fb > .kt-inside-inner-col:before{border-top-left-radius:0px;border-top-right-radius:0px;border-bottom-right-radius:0px;border-bottom-left-radius:0px;}.kadence-column1404_5b1860-fb > .kt-inside-inner-col{column-gap:var(--global-kb-gap-sm, 1rem);}.kadence-column1404_5b1860-fb > .kt-inside-inner-col{flex-direction:column;}.kadence-column1404_5b1860-fb > .kt-inside-inner-col > .aligncenter{width:100%;}.kadence-column1404_5b1860-fb > .kt-inside-inner-col:before{opacity:0.3;}.kadence-column1404_5b1860-fb{position:relative;}@media all and (max-width: 1024px){.kadence-column1404_5b1860-fb > .kt-inside-inner-col{flex-direction:column;justify-content:center;}}@media all and (max-width: 767px){.kadence-column1404_5b1860-fb > .kt-inside-inner-col{flex-direction:column;justify-content:center;}}<\/style>\n<div class=\"wp-block-kadence-column kadence-column1404_5b1860-fb\"><div class=\"kt-inside-inner-col\">\n<h3 class=\"wp-block-heading mx-12\">Please leave us a message with your contact details and a member of the team will get back to you as soon as possible.<\/h3>\n<\/div><\/div>\n\n<\/div><\/div>\n\n\n<p>&nbsp;<\/p>\n\n\n<style>.kb-row-layout-id1404_c75fee-b8 > .kt-row-column-wrap{align-content:start;}:where(.kb-row-layout-id1404_c75fee-b8 > .kt-row-column-wrap) > .wp-block-kadence-column{justify-content:start;}.kb-row-layout-id1404_c75fee-b8 > .kt-row-column-wrap{column-gap:var(--global-kb-gap-md, 2rem);row-gap:var(--global-kb-gap-md, 2rem);max-width:var(--wp--style--global--content-size);padding-top:var(--global-kb-spacing-sm, 1.5rem);padding-bottom:var(--global-kb-spacing-sm, 1.5rem);grid-template-columns:minmax(0, 1fr);}.kb-row-layout-id1404_c75fee-b8 > .kt-row-layout-overlay{opacity:0.30;}@media all and (max-width: 1024px){.kb-row-layout-id1404_c75fee-b8 > .kt-row-column-wrap{grid-template-columns:minmax(0, 1fr);}}@media all and (max-width: 767px){.kb-row-layout-id1404_c75fee-b8 > .kt-row-column-wrap{grid-template-columns:minmax(0, 1fr);}}<\/style><div class=\"kb-row-layout-wrap kb-row-layout-id1404_c75fee-b8 alignfull has-aqua-background-color kt-row-has-bg wp-block-kadence-rowlayout\"><div class=\"kt-row-column-wrap kt-has-1-columns kt-row-layout-equal kt-tab-layout-inherit kt-mobile-layout-row kt-row-valign-top kb-theme-content-width\">\n<style>.kadence-column1404_b8f0f4-87 > .kt-inside-inner-col,.kadence-column1404_b8f0f4-87 > .kt-inside-inner-col:before{border-top-left-radius:0px;border-top-right-radius:0px;border-bottom-right-radius:0px;border-bottom-left-radius:0px;}.kadence-column1404_b8f0f4-87 > .kt-inside-inner-col{column-gap:var(--global-kb-gap-sm, 1rem);}.kadence-column1404_b8f0f4-87 > .kt-inside-inner-col{flex-direction:column;}.kadence-column1404_b8f0f4-87 > .kt-inside-inner-col > .aligncenter{width:100%;}.kadence-column1404_b8f0f4-87 > .kt-inside-inner-col:before{opacity:0.3;}.kadence-column1404_b8f0f4-87{position:relative;}@media all and (max-width: 1024px){.kadence-column1404_b8f0f4-87 > .kt-inside-inner-col{flex-direction:column;justify-content:center;}}@media all and (max-width: 767px){.kadence-column1404_b8f0f4-87 > .kt-inside-inner-col{flex-direction:column;justify-content:center;}}<\/style>\n<div class=\"wp-block-kadence-column kadence-column1404_b8f0f4-87\"><div class=\"kt-inside-inner-col\"><script type=\"text\/javascript\">\n\/* <![CDATA[ *\/\nvar gform;gform||(document.addEventListener(\"gform_main_scripts_loaded\",function(){gform.scriptsLoaded=!0}),document.addEventListener(\"gform\/theme\/scripts_loaded\",function(){gform.themeScriptsLoaded=!0}),window.addEventListener(\"DOMContentLoaded\",function(){gform.domLoaded=!0}),gform={domLoaded:!1,scriptsLoaded:!1,themeScriptsLoaded:!1,isFormEditor:()=>\"function\"==typeof InitializeEditor,callIfLoaded:function(o){return!(!gform.domLoaded||!gform.scriptsLoaded||!gform.themeScriptsLoaded&&!gform.isFormEditor()||(gform.isFormEditor()&&console.warn(\"The use of gform.initializeOnLoaded() is deprecated in the form editor context and will be removed in Gravity Forms 3.1.\"),o(),0))},initializeOnLoaded:function(o){gform.callIfLoaded(o)||(document.addEventListener(\"gform_main_scripts_loaded\",()=>{gform.scriptsLoaded=!0,gform.callIfLoaded(o)}),document.addEventListener(\"gform\/theme\/scripts_loaded\",()=>{gform.themeScriptsLoaded=!0,gform.callIfLoaded(o)}),window.addEventListener(\"DOMContentLoaded\",()=>{gform.domLoaded=!0,gform.callIfLoaded(o)}))},hooks:{action:{},filter:{}},addAction:function(o,r,e,t){gform.addHook(\"action\",o,r,e,t)},addFilter:function(o,r,e,t){gform.addHook(\"filter\",o,r,e,t)},doAction:function(o){gform.doHook(\"action\",o,arguments)},applyFilters:function(o){return gform.doHook(\"filter\",o,arguments)},removeAction:function(o,r){gform.removeHook(\"action\",o,r)},removeFilter:function(o,r,e){gform.removeHook(\"filter\",o,r,e)},addHook:function(o,r,e,t,n){null==gform.hooks[o][r]&&(gform.hooks[o][r]=[]);var d=gform.hooks[o][r];null==n&&(n=r+\"_\"+d.length),gform.hooks[o][r].push({tag:n,callable:e,priority:t=null==t?10:t})},doHook:function(r,o,e){var t;if(e=Array.prototype.slice.call(e,1),null!=gform.hooks[r][o]&&((o=gform.hooks[r][o]).sort(function(o,r){return o.priority-r.priority}),o.forEach(function(o){\"function\"!=typeof(t=o.callable)&&(t=window[t]),\"action\"==r?t.apply(null,e):e[0]=t.apply(null,e)})),\"filter\"==r)return e[0]},removeHook:function(o,r,t,n){var e;null!=gform.hooks[o][r]&&(e=(e=gform.hooks[o][r]).filter(function(o,r,e){return!!(null!=n&&n!=o.tag||null!=t&&t!=o.priority)}),gform.hooks[o][r]=e)}});\n\/* ]]> *\/\n<\/script>\n\n                <div class='gf_browser_gecko gform_wrapper gravity-theme gform-theme--no-framework font-white_wrapper' data-form-theme='gravity-theme' data-form-index='0' id='gform_wrapper_2' ><form method='post' enctype='multipart\/form-data'  id='gform_2' class='font-white' action='\/cwoht\/fr\/wp-json\/wp\/v2\/pages\/1404' data-formid='2' novalidate>\n                        <div class='gform-body gform_body'><div id='gform_fields_2' class='gform_fields top_label form_sublabel_below description_below validation_below'><div id=\"field_2_5\" class=\"gfield gfield--type-honeypot gform_validation_container field_sublabel_below gfield--has-description field_description_below field_validation_below gfield_visibility_visible\"  ><label class='gfield_label gform-field-label' for='input_2_5'>Instagram<\/label><div class='ginput_container'><input name='input_5' id='input_2_5' type='text' value='' autocomplete='new-password'\/><\/div><div class='gfield_description' id='gfield_description_2_5'>Ce champ n\u2019est utilis\u00e9 qu\u2019\u00e0 des fins de validation et devrait rester inchang\u00e9.<\/div><\/div><fieldset id=\"field_2_1\" class=\"gfield gfield--type-name gfield_contains_required field_sublabel_hidden_label gfield--no-description field_description_below hidden_label field_validation_below gfield_visibility_visible\"  ><legend class='gfield_label gform-field-label gfield_label_before_complex' >Name<span class=\"gfield_required\"><span class=\"gfield_required gfield_required_text\">(N\u00e9cessaire)<\/span><\/span><\/legend><div class='ginput_complex ginput_container ginput_container--name no_prefix has_first_name no_middle_name has_last_name no_suffix gf_name_has_2 ginput_container_name gform-grid-row' id='input_2_1'>\n                            \n                            <span id='input_2_1_3_container' class='name_first gform-grid-col gform-grid-col--size-auto' >\n                                                    <input type='text' name='input_1.3' id='input_2_1_3' value=''   aria-required='true'   placeholder='First Name'  \/>\n                                                    <label for='input_2_1_3' class='gform-field-label gform-field-label--type-sub hidden_sub_label screen-reader-text'>Pr\u00e9nom<\/label>\n                                                <\/span>\n                            \n                            <span id='input_2_1_6_container' class='name_last gform-grid-col gform-grid-col--size-auto' >\n                                                    <input type='text' name='input_1.6' id='input_2_1_6' value=''   aria-required='true'   placeholder='Last Name'  \/>\n                                                    <label for='input_2_1_6' class='gform-field-label gform-field-label--type-sub hidden_sub_label screen-reader-text'>Nom<\/label>\n                                                <\/span>\n                            \n                        <\/div><\/fieldset><div id=\"field_2_3\" class=\"gfield gfield--type-email gfield--width-half gfield_contains_required field_sublabel_below gfield--no-description field_description_below hidden_label field_validation_below gfield_visibility_visible\"  ><label class='gfield_label gform-field-label' for='input_2_3'>Email<span class=\"gfield_required\"><span class=\"gfield_required gfield_required_text\">(N\u00e9cessaire)<\/span><\/span><\/label><div class='ginput_container ginput_container_email'>\n                            <input name='input_3' id='input_2_3' type='email' value='' class='medium'   placeholder='Email (required)' aria-required=\"true\" aria-invalid=\"false\"  \/>\n                        <\/div><\/div><div id=\"field_2_2\" class=\"gfield gfield--type-phone gfield--width-half field_sublabel_below gfield--no-description field_description_below hidden_label field_validation_below gfield_visibility_visible\"  ><label class='gfield_label gform-field-label' for='input_2_2'>Phone<\/label><div class='ginput_container ginput_container_phone'><input name='input_2' id='input_2_2' type='tel' value='' class='medium'  placeholder='Phone'  aria-invalid=\"false\"   \/><\/div><\/div><div id=\"field_2_4\" class=\"gfield gfield--type-textarea gfield_contains_required field_sublabel_below gfield--no-description field_description_below hidden_label field_validation_below gfield_visibility_visible\"  ><label class='gfield_label gform-field-label' for='input_2_4'>Message<span class=\"gfield_required\"><span class=\"gfield_required gfield_required_text\">(N\u00e9cessaire)<\/span><\/span><\/label><div class='ginput_container ginput_container_textarea'><textarea name='input_4' id='input_2_4' class='textarea medium'    placeholder='Message...' aria-required=\"true\" aria-invalid=\"false\"   rows='10' cols='50'><\/textarea><\/div><\/div><\/div><\/div>\n        <div class='gform-footer gform_footer top_label'> <input type='submit' id='gform_submit_button_2' class='gform_button button' onclick='gform.submission.handleButtonClick(this);' data-submission-type='submit' value='Submit'  \/> \n            <input type='hidden' class='gform_hidden' name='gform_submission_method' data-js='gform_submission_method_2' value='postback' \/>\n            <input type='hidden' class='gform_hidden' name='gform_theme' data-js='gform_theme_2' id='gform_theme_2' value='gravity-theme' \/>\n            <input type='hidden' class='gform_hidden' name='gform_style_settings' data-js='gform_style_settings_2' id='gform_style_settings_2' value='{&quot;inputPrimaryColor&quot;:&quot;#204ce5&quot;}' \/>\n            <input type='hidden' class='gform_hidden' name='is_submit_2' value='1' \/>\n            <input type='hidden' class='gform_hidden' name='gform_submit' value='2' \/>\n            \n            <input type='hidden' class='gform_hidden' name='gform_currency' data-currency='CAD' value='\/bq+u73xEPA30WXuB1zn6Lg3X0bjYftQeBEbt2h0RsV+Usx+PKKcWpGPA0sgNBssEJ8MC+L+7K+YR1hFYdWWGUZSjuQEEplZhY76MI8sqMlVfr8=' \/>\n            <input type='hidden' class='gform_hidden' name='gform_unique_id' value='' \/>\n            <input type='hidden' class='gform_hidden' name='state_2' value='WyJbXSIsIjc3NTI1MTU3YTk2OTQ2MDkxNGZmNjhkNDBjNmE1NmUyIl0=' \/>\n            <input type='hidden' autocomplete='off' class='gform_hidden' name='gform_target_page_number_2' id='gform_target_page_number_2' value='0' \/>\n            <input type='hidden' autocomplete='off' class='gform_hidden' name='gform_source_page_number_2' id='gform_source_page_number_2' value='1' \/>\n            <input type='hidden' name='gform_field_values' value='' \/>\n            \n        <\/div>\n                        <\/form>\n                        <\/div><script type=\"text\/javascript\">\n\/* <![CDATA[ *\/\n gform.initializeOnLoaded( function() {gformInitSpinner( 2, 'https:\/\/moxyinc.ca\/cwoht\/wp-content\/plugins\/gravityforms\/images\/spinner.svg', true );jQuery('#gform_ajax_frame_2').on('load',function(){var contents = jQuery(this).contents().find('*').html();var is_postback = contents.indexOf('GF_AJAX_POSTBACK') >= 0;if(!is_postback){return;}var form_content = jQuery(this).contents().find('#gform_wrapper_2');var is_confirmation = jQuery(this).contents().find('#gform_confirmation_wrapper_2').length > 0;var is_redirect = contents.indexOf('gformRedirect(){') >= 0;var is_form = form_content.length > 0 && ! is_redirect && ! is_confirmation;var mt = parseInt(jQuery('html').css('margin-top'), 10) + parseInt(jQuery('body').css('margin-top'), 10) + 100;if(is_form){jQuery('#gform_wrapper_2').html(form_content.html());if(form_content.hasClass('gform_validation_error')){jQuery('#gform_wrapper_2').addClass('gform_validation_error');} else {jQuery('#gform_wrapper_2').removeClass('gform_validation_error');}setTimeout( function() { \/* delay the scroll by 50 milliseconds to fix a bug in chrome *\/  }, 50 );if(window['gformInitDatepicker']) {gformInitDatepicker();}if(window['gformInitPriceFields']) {gformInitPriceFields();}var current_page = jQuery('#gform_source_page_number_2').val();gformInitSpinner( 2, 'https:\/\/moxyinc.ca\/cwoht\/wp-content\/plugins\/gravityforms\/images\/spinner.svg', true );jQuery(document).trigger('gform_page_loaded', [2, current_page]);window['gf_submitting_2'] = false;}else if(!is_redirect){var confirmation_content = jQuery(this).contents().find('.GF_AJAX_POSTBACK').html();if(!confirmation_content){confirmation_content = contents;}jQuery('#gform_wrapper_2').replaceWith(confirmation_content);jQuery(document).trigger('gform_confirmation_loaded', [2]);window['gf_submitting_2'] = false;wp.a11y.speak(jQuery('#gform_confirmation_message_2').text());}else{jQuery('#gform_2').append(contents);if(window['gformRedirect']) {gformRedirect();}}jQuery(document).trigger(\"gform_pre_post_render\", [{ formId: \"2\", currentPage: \"current_page\", abort: function() { this.preventDefault(); } }]);        if (event && event.defaultPrevented) {                return;        }        const gformWrapperDiv = document.getElementById( \"gform_wrapper_2\" );        if ( gformWrapperDiv ) {            const visibilitySpan = document.createElement( \"span\" );            visibilitySpan.id = \"gform_visibility_test_2\";            gformWrapperDiv.insertAdjacentElement( \"afterend\", visibilitySpan );        }        const visibilityTestDiv = document.getElementById( \"gform_visibility_test_2\" );        let postRenderFired = false;        function triggerPostRender() {            if ( postRenderFired ) {                return;            }            postRenderFired = true;            gform.core.triggerPostRenderEvents( 2, current_page );            if ( visibilityTestDiv ) {                visibilityTestDiv.parentNode.removeChild( visibilityTestDiv );            }        }        function debounce( func, wait, immediate ) {            var timeout;            return function() {                var context = this, args = arguments;                var later = function() {                    timeout = null;                    if ( !immediate ) func.apply( context, args );                };                var callNow = immediate && !timeout;                clearTimeout( timeout );                timeout = setTimeout( later, wait );                if ( callNow ) func.apply( context, args );            };        }        const debouncedTriggerPostRender = debounce( function() {            triggerPostRender();        }, 200 );        if ( visibilityTestDiv && visibilityTestDiv.offsetParent === null ) {            const observer = new MutationObserver( ( mutations ) => {                mutations.forEach( ( mutation ) => {                    if ( mutation.type === 'attributes' && visibilityTestDiv.offsetParent !== null ) {                        debouncedTriggerPostRender();                        observer.disconnect();                    }                });            });            observer.observe( document.body, {                attributes: true,                childList: false,                subtree: true,                attributeFilter: [ 'style', 'class' ],            });        } else {            triggerPostRender();        }    } );} ); \n\/* ]]> *\/\n<\/script>\n<\/div><\/div>\n\n<\/div><\/div>\n\n\n<p>&nbsp;<\/p>\n","protected":false},"excerpt":{"rendered":"<p>Laissez-nous un message avec vos coordonn\u00e9es et un membre de l&#039;\u00e9quipe vous r\u00e9pondra dans les plus brefs d\u00e9lais. &nbsp; &nbsp;<\/p>","protected":false},"author":1,"featured_media":3696,"parent":1053,"menu_order":0,"comment_status":"closed","ping_status":"closed","template":"","meta":{"_acf_changed":false,"_kad_blocks_custom_css":"","_kad_blocks_head_custom_js":"","_kad_blocks_body_custom_js":"","_kad_blocks_footer_custom_js":"","footnotes":""},"class_list":["post-1404","page","type-page","status-publish","has-post-thumbnail","hentry"],"acf":[],"yoast_head":"<!-- This site is optimized with the Yoast SEO plugin v27.4 - https:\/\/yoast.com\/product\/yoast-seo-wordpress\/ -->\n<title>Contact Us - Central West Ontario Health Team<\/title>\n<meta name=\"robots\" content=\"index, follow, max-snippet:-1, max-image-preview:large, max-video-preview:-1\" \/>\n<link rel=\"canonical\" href=\"https:\/\/moxyinc.ca\/cwoht\/fr\/about\/contact-us\/\" \/>\n<meta property=\"og:locale\" content=\"fr_CA\" \/>\n<meta property=\"og:type\" content=\"article\" \/>\n<meta property=\"og:title\" content=\"Contact Us - Central West Ontario Health Team\" \/>\n<meta property=\"og:description\" content=\"Please leave us a message with your contact details and a member of the team will get back to you as soon as possible. &nbsp; &nbsp;\" \/>\n<meta property=\"og:url\" content=\"https:\/\/moxyinc.ca\/cwoht\/fr\/about\/contact-us\/\" \/>\n<meta property=\"og:site_name\" content=\"Central West Ontario Health Team\" \/>\n<meta property=\"article:modified_time\" content=\"2025-02-24T15:38:55+00:00\" \/>\n<meta property=\"og:image\" content=\"https:\/\/moxyinc.ca\/cwoht\/wp-content\/uploads\/sites\/29\/2022\/10\/Untitled-design-2.png\" \/>\n\t<meta property=\"og:image:width\" content=\"1280\" \/>\n\t<meta property=\"og:image:height\" content=\"400\" \/>\n\t<meta property=\"og:image:type\" content=\"image\/png\" \/>\n<meta name=\"twitter:card\" content=\"summary_large_image\" \/>\n<meta name=\"twitter:label1\" content=\"Estimation du temps de lecture\" \/>\n\t<meta name=\"twitter:data1\" content=\"1 minute\" \/>\n<script type=\"application\/ld+json\" class=\"yoast-schema-graph\">{\"@context\":\"https:\\\/\\\/schema.org\",\"@graph\":[{\"@type\":\"WebPage\",\"@id\":\"https:\\\/\\\/moxyinc.ca\\\/cwoht\\\/about\\\/contact-us\\\/\",\"url\":\"https:\\\/\\\/moxyinc.ca\\\/cwoht\\\/about\\\/contact-us\\\/\",\"name\":\"Contact Us - Central West Ontario Health Team\",\"isPartOf\":{\"@id\":\"https:\\\/\\\/moxyinc.ca\\\/cwoht\\\/fr\\\/#website\"},\"primaryImageOfPage\":{\"@id\":\"https:\\\/\\\/moxyinc.ca\\\/cwoht\\\/about\\\/contact-us\\\/#primaryimage\"},\"image\":{\"@id\":\"https:\\\/\\\/moxyinc.ca\\\/cwoht\\\/about\\\/contact-us\\\/#primaryimage\"},\"thumbnailUrl\":\"https:\\\/\\\/moxyinc.ca\\\/cwoht\\\/wp-content\\\/uploads\\\/sites\\\/29\\\/2022\\\/10\\\/Untitled-design-2.png\",\"datePublished\":\"2020-02-24T22:26:49+00:00\",\"dateModified\":\"2025-02-24T15:38:55+00:00\",\"breadcrumb\":{\"@id\":\"https:\\\/\\\/moxyinc.ca\\\/cwoht\\\/about\\\/contact-us\\\/#breadcrumb\"},\"inLanguage\":\"fr-CA\",\"potentialAction\":[{\"@type\":\"ReadAction\",\"target\":[\"https:\\\/\\\/moxyinc.ca\\\/cwoht\\\/about\\\/contact-us\\\/\"]}]},{\"@type\":\"ImageObject\",\"inLanguage\":\"fr-CA\",\"@id\":\"https:\\\/\\\/moxyinc.ca\\\/cwoht\\\/about\\\/contact-us\\\/#primaryimage\",\"url\":\"https:\\\/\\\/moxyinc.ca\\\/cwoht\\\/wp-content\\\/uploads\\\/sites\\\/29\\\/2022\\\/10\\\/Untitled-design-2.png\",\"contentUrl\":\"https:\\\/\\\/moxyinc.ca\\\/cwoht\\\/wp-content\\\/uploads\\\/sites\\\/29\\\/2022\\\/10\\\/Untitled-design-2.png\",\"width\":1280,\"height\":400},{\"@type\":\"BreadcrumbList\",\"@id\":\"https:\\\/\\\/moxyinc.ca\\\/cwoht\\\/about\\\/contact-us\\\/#breadcrumb\",\"itemListElement\":[{\"@type\":\"ListItem\",\"position\":1,\"name\":\"Accueil\",\"item\":\"https:\\\/\\\/moxyinc.ca\\\/cwoht\\\/fr\\\/\"},{\"@type\":\"ListItem\",\"position\":2,\"name\":\"About Us\",\"item\":\"https:\\\/\\\/moxyinc.ca\\\/cwoht\\\/fr\\\/about\\\/\"},{\"@type\":\"ListItem\",\"position\":3,\"name\":\"Contact Us\"}]},{\"@type\":\"WebSite\",\"@id\":\"https:\\\/\\\/moxyinc.ca\\\/cwoht\\\/fr\\\/#website\",\"url\":\"https:\\\/\\\/moxyinc.ca\\\/cwoht\\\/fr\\\/\",\"name\":\"Central West Ontario Health Team\",\"description\":\"Serving Brampton, North Etobicoke, West Woodbridge, Malton and Bramalea\",\"potentialAction\":[{\"@type\":\"SearchAction\",\"target\":{\"@type\":\"EntryPoint\",\"urlTemplate\":\"https:\\\/\\\/moxyinc.ca\\\/cwoht\\\/fr\\\/?s={search_term_string}\"},\"query-input\":{\"@type\":\"PropertyValueSpecification\",\"valueRequired\":true,\"valueName\":\"search_term_string\"}}],\"inLanguage\":\"fr-CA\"}]}<\/script>\n<!-- \/ Yoast SEO plugin. -->","yoast_head_json":{"title":"Contact Us - Central West Ontario Health Team","robots":{"index":"index","follow":"follow","max-snippet":"max-snippet:-1","max-image-preview":"max-image-preview:large","max-video-preview":"max-video-preview:-1"},"canonical":"https:\/\/moxyinc.ca\/cwoht\/fr\/about\/contact-us\/","og_locale":"fr_CA","og_type":"article","og_title":"Contact Us - Central West Ontario Health Team","og_description":"Please leave us a message with your contact details and a member of the team will get back to you as soon as possible. &nbsp; &nbsp;","og_url":"https:\/\/moxyinc.ca\/cwoht\/fr\/about\/contact-us\/","og_site_name":"Central West Ontario Health Team","article_modified_time":"2025-02-24T15:38:55+00:00","og_image":[{"width":1280,"height":400,"url":"https:\/\/moxyinc.ca\/cwoht\/wp-content\/uploads\/sites\/29\/2022\/10\/Untitled-design-2.png","type":"image\/png"}],"twitter_card":"summary_large_image","twitter_misc":{"Estimation du temps de lecture":"1 minute"},"schema":{"@context":"https:\/\/schema.org","@graph":[{"@type":"WebPage","@id":"https:\/\/moxyinc.ca\/cwoht\/about\/contact-us\/","url":"https:\/\/moxyinc.ca\/cwoht\/about\/contact-us\/","name":"Contact Us - Central West Ontario Health Team","isPartOf":{"@id":"https:\/\/moxyinc.ca\/cwoht\/fr\/#website"},"primaryImageOfPage":{"@id":"https:\/\/moxyinc.ca\/cwoht\/about\/contact-us\/#primaryimage"},"image":{"@id":"https:\/\/moxyinc.ca\/cwoht\/about\/contact-us\/#primaryimage"},"thumbnailUrl":"https:\/\/moxyinc.ca\/cwoht\/wp-content\/uploads\/sites\/29\/2022\/10\/Untitled-design-2.png","datePublished":"2020-02-24T22:26:49+00:00","dateModified":"2025-02-24T15:38:55+00:00","breadcrumb":{"@id":"https:\/\/moxyinc.ca\/cwoht\/about\/contact-us\/#breadcrumb"},"inLanguage":"fr-CA","potentialAction":[{"@type":"ReadAction","target":["https:\/\/moxyinc.ca\/cwoht\/about\/contact-us\/"]}]},{"@type":"ImageObject","inLanguage":"fr-CA","@id":"https:\/\/moxyinc.ca\/cwoht\/about\/contact-us\/#primaryimage","url":"https:\/\/moxyinc.ca\/cwoht\/wp-content\/uploads\/sites\/29\/2022\/10\/Untitled-design-2.png","contentUrl":"https:\/\/moxyinc.ca\/cwoht\/wp-content\/uploads\/sites\/29\/2022\/10\/Untitled-design-2.png","width":1280,"height":400},{"@type":"BreadcrumbList","@id":"https:\/\/moxyinc.ca\/cwoht\/about\/contact-us\/#breadcrumb","itemListElement":[{"@type":"ListItem","position":1,"name":"Accueil","item":"https:\/\/moxyinc.ca\/cwoht\/fr\/"},{"@type":"ListItem","position":2,"name":"About Us","item":"https:\/\/moxyinc.ca\/cwoht\/fr\/about\/"},{"@type":"ListItem","position":3,"name":"Contact Us"}]},{"@type":"WebSite","@id":"https:\/\/moxyinc.ca\/cwoht\/fr\/#website","url":"https:\/\/moxyinc.ca\/cwoht\/fr\/","name":"\u00c9quipe Sant\u00e9 du Centre-Ouest de l&#039;Ontario","description":"Desservant Brampton, North Etobicoke, West Woodbridge, Malton et Bramalea","potentialAction":[{"@type":"SearchAction","target":{"@type":"EntryPoint","urlTemplate":"https:\/\/moxyinc.ca\/cwoht\/fr\/?s={search_term_string}"},"query-input":{"@type":"PropertyValueSpecification","valueRequired":true,"valueName":"search_term_string"}}],"inLanguage":"fr-CA"}]}},"taxonomy_info":[],"featured_image_src_large":["https:\/\/moxyinc.ca\/cwoht\/wp-content\/uploads\/sites\/29\/2022\/10\/Untitled-design-2-1024x320.png",1024,320,true],"author_info":{"display_name":"Moxy","author_link":"https:\/\/moxyinc.ca\/cwoht\/fr\/author\/moxy\/"},"comment_info":0,"_links":{"self":[{"href":"https:\/\/moxyinc.ca\/cwoht\/fr\/wp-json\/wp\/v2\/pages\/1404","targetHints":{"allow":["GET"]}}],"collection":[{"href":"https:\/\/moxyinc.ca\/cwoht\/fr\/wp-json\/wp\/v2\/pages"}],"about":[{"href":"https:\/\/moxyinc.ca\/cwoht\/fr\/wp-json\/wp\/v2\/types\/page"}],"author":[{"embeddable":true,"href":"https:\/\/moxyinc.ca\/cwoht\/fr\/wp-json\/wp\/v2\/users\/1"}],"replies":[{"embeddable":true,"href":"https:\/\/moxyinc.ca\/cwoht\/fr\/wp-json\/wp\/v2\/comments?post=1404"}],"version-history":[{"count":0,"href":"https:\/\/moxyinc.ca\/cwoht\/fr\/wp-json\/wp\/v2\/pages\/1404\/revisions"}],"up":[{"embeddable":true,"href":"https:\/\/moxyinc.ca\/cwoht\/fr\/wp-json\/wp\/v2\/pages\/1053"}],"wp:featuredmedia":[{"embeddable":true,"href":"https:\/\/moxyinc.ca\/cwoht\/fr\/wp-json\/wp\/v2\/media\/3696"}],"wp:attachment":[{"href":"https:\/\/moxyinc.ca\/cwoht\/fr\/wp-json\/wp\/v2\/media?parent=1404"}],"curies":[{"name":"wp","href":"https:\/\/api.w.org\/{rel}","templated":true}]}}