{"id":2803,"date":"2025-01-19T21:24:52","date_gmt":"2025-01-20T02:24:52","guid":{"rendered":"http:\/\/centralwestoht.local\/?page_id=2803"},"modified":"2025-01-19T21:52:18","modified_gmt":"2025-01-20T02:52:18","slug":"211-test","status":"publish","type":"page","link":"https:\/\/moxyinc.ca\/cwoht\/fr\/211-test\/","title":{"rendered":"Test 211"},"content":{"rendered":"<div id=\"ON211-Search-Widget\" data-config=\"eyJyZXF1ZXN0UGFyYW1zIjp7ImxvY2F0aW9uVGV4dCI6IkJyYW1wdG9uIn0sIndpZGdldENvbmZpZyI6eyJoaWRlTG9jYXRpb24iOmZhbHNlLCJoaWRlT3B0aW9ucyI6ZmFsc2UsIm9wZW5OZXdUYWIiOmZhbHNlLCJ3aWRnZXRMYW5nIjoiZW4ifX0=\">&nbsp;<\/div>\n\n\n\n<p><\/p>\n\n\n\n<p class=\"has-dark-color has-light-aqua-background-color has-text-color has-background has-link-color wp-elements-f79c24d9fb8fdb76843bb9bcbc8a8993\">Lorem ipsum dolor sit amet, consectetur adipiscing elit. Cras aliquam egestas efficitur. Curabitur pellentesque, turpis at fermentum pretium, sem mi viverra nisi, eu imperdiet nulla est sed orci. M\u00e9c\u00e8ne rutrum diam metus, hendrerit vehicula enim iaculis vitae. Nulla congue pellentesque risus nec porttitor. Phasellus justo quam, efficacit\u00e9 vitae vestibulum non, porta id risus. Morbi luctus urna \u00e0 juste placerat vestibulum sed quis ex. \u00c9n\u00e9en nec blandit magna. Sed elit sapien, tempus vel posuere quis, fringilla ut nisl.<\/p>\n\n\n\n<p class=\"has-dark-color has-light-blush-background-color has-text-color has-background has-link-color wp-elements-91f01847255571be2880ae68d0d20a84\">Lorem ipsum dolor sit amet, consectetur adipiscing elit. Cras aliquam egestas efficitur. Curabitur pellentesque, turpis at fermentum pretium, sem mi viverra nisi, eu imperdiet nulla est sed orci. M\u00e9c\u00e8ne rutrum diam metus, hendrerit vehicula enim iaculis vitae. Nulla congue pellentesque risus nec porttitor. Phasellus justo quam, efficacit\u00e9 vitae vestibulum non, porta id risus. Morbi luctus urna \u00e0 juste placerat vestibulum sed quis ex. \u00c9n\u00e9en nec blandit magna. Sed elit sapien, tempus vel posuere quis, fringilla ut nisl.<\/p>\n\n\n\n<p class=\"has-dark-color has-light-sunset-background-color has-text-color has-background has-link-color wp-elements-0e0a392c1d2bb23461994776d732cf3a\">Lorem ipsum dolor sit amet, consectetur adipiscing elit. Cras aliquam egestas efficitur. Curabitur pellentesque, turpis at fermentum pretium, sem mi viverra nisi, eu imperdiet nulla est sed orci. M\u00e9c\u00e8ne rutrum diam metus, hendrerit vehicula enim iaculis vitae. Nulla congue pellentesque risus nec porttitor. Phasellus justo quam, efficacit\u00e9 vitae vestibulum non, porta id risus. Morbi luctus urna \u00e0 juste placerat vestibulum sed quis ex. \u00c9n\u00e9en nec blandit magna. Sed elit sapien, tempus vel posuere quis, fringilla ut nisl.<\/p>\n\n\n\n<p><\/p>","protected":false},"excerpt":{"rendered":"<p>&nbsp; Lorem ipsum dolor sit amet, consectetur adipiscing elit. Cras aliquam egestas efficitur. Curabitur pellentesque, turpis at fermentum pretium, sem mi viverra nisi, eu imperdiet nulla est sed orci. Maecenas rutrum diam metus, hendrerit vehicula enim iaculis vitae. Nulla congue pellentesque risus nec porttitor. Phasellus justo quam, efficitur vitae vestibulum non, porta id risus. Morbi [&hellip;]<\/p>\n","protected":false},"author":1,"featured_media":0,"parent":0,"menu_order":0,"comment_status":"closed","ping_status":"closed","template":"","meta":{"_acf_changed":false,"_kad_blocks_custom_css":"","_kad_blocks_head_custom_js":"","_kad_blocks_body_custom_js":"","_kad_blocks_footer_custom_js":"","footnotes":""},"class_list":["post-2803","page","type-page","status-publish","hentry"],"acf":[],"yoast_head":"<!-- This site is optimized with the Yoast SEO plugin v27.4 - https:\/\/yoast.com\/product\/yoast-seo-wordpress\/ -->\n<title>211 Test - Central West Ontario Health Team<\/title>\n<meta name=\"robots\" content=\"index, follow, max-snippet:-1, max-image-preview:large, max-video-preview:-1\" \/>\n<link rel=\"canonical\" href=\"https:\/\/moxyinc.ca\/cwoht\/fr\/211-test\/\" \/>\n<meta property=\"og:locale\" content=\"fr_CA\" \/>\n<meta property=\"og:type\" content=\"article\" \/>\n<meta property=\"og:title\" content=\"211 Test - Central West Ontario Health Team\" \/>\n<meta property=\"og:description\" content=\"&nbsp; Lorem ipsum dolor sit amet, consectetur adipiscing elit. Cras aliquam egestas efficitur. Curabitur pellentesque, turpis at fermentum pretium, sem mi viverra nisi, eu imperdiet nulla est sed orci. Maecenas rutrum diam metus, hendrerit vehicula enim iaculis vitae. Nulla congue pellentesque risus nec porttitor. Phasellus justo quam, efficitur vitae vestibulum non, porta id risus. Morbi [&hellip;]\" \/>\n<meta property=\"og:url\" content=\"https:\/\/moxyinc.ca\/cwoht\/fr\/211-test\/\" \/>\n<meta property=\"og:site_name\" content=\"Central West Ontario Health Team\" \/>\n<meta property=\"article:modified_time\" content=\"2025-01-20T02:52:18+00:00\" \/>\n<meta name=\"twitter:card\" content=\"summary_large_image\" \/>\n<meta name=\"twitter:label1\" content=\"Estimation du temps de lecture\" \/>\n\t<meta name=\"twitter:data1\" content=\"2 minutes\" \/>\n<script type=\"application\/ld+json\" class=\"yoast-schema-graph\">{\"@context\":\"https:\\\/\\\/schema.org\",\"@graph\":[{\"@type\":\"WebPage\",\"@id\":\"https:\\\/\\\/moxyinc.ca\\\/cwoht\\\/211-test\\\/\",\"url\":\"https:\\\/\\\/moxyinc.ca\\\/cwoht\\\/211-test\\\/\",\"name\":\"211 Test - Central West Ontario Health Team\",\"isPartOf\":{\"@id\":\"https:\\\/\\\/moxyinc.ca\\\/cwoht\\\/fr\\\/#website\"},\"datePublished\":\"2025-01-20T02:24:52+00:00\",\"dateModified\":\"2025-01-20T02:52:18+00:00\",\"breadcrumb\":{\"@id\":\"https:\\\/\\\/moxyinc.ca\\\/cwoht\\\/211-test\\\/#breadcrumb\"},\"inLanguage\":\"fr-CA\",\"potentialAction\":[{\"@type\":\"ReadAction\",\"target\":[\"https:\\\/\\\/moxyinc.ca\\\/cwoht\\\/211-test\\\/\"]}]},{\"@type\":\"BreadcrumbList\",\"@id\":\"https:\\\/\\\/moxyinc.ca\\\/cwoht\\\/211-test\\\/#breadcrumb\",\"itemListElement\":[{\"@type\":\"ListItem\",\"position\":1,\"name\":\"Accueil\",\"item\":\"https:\\\/\\\/moxyinc.ca\\\/cwoht\\\/fr\\\/\"},{\"@type\":\"ListItem\",\"position\":2,\"name\":\"211 Test\"}]},{\"@type\":\"WebSite\",\"@id\":\"https:\\\/\\\/moxyinc.ca\\\/cwoht\\\/fr\\\/#website\",\"url\":\"https:\\\/\\\/moxyinc.ca\\\/cwoht\\\/fr\\\/\",\"name\":\"Central West Ontario Health Team\",\"description\":\"Serving Brampton, North Etobicoke, West Woodbridge, Malton and Bramalea\",\"potentialAction\":[{\"@type\":\"SearchAction\",\"target\":{\"@type\":\"EntryPoint\",\"urlTemplate\":\"https:\\\/\\\/moxyinc.ca\\\/cwoht\\\/fr\\\/?s={search_term_string}\"},\"query-input\":{\"@type\":\"PropertyValueSpecification\",\"valueRequired\":true,\"valueName\":\"search_term_string\"}}],\"inLanguage\":\"fr-CA\"}]}<\/script>\n<!-- \/ Yoast SEO plugin. -->","yoast_head_json":{"title":"211 Test - Central West Ontario Health Team","robots":{"index":"index","follow":"follow","max-snippet":"max-snippet:-1","max-image-preview":"max-image-preview:large","max-video-preview":"max-video-preview:-1"},"canonical":"https:\/\/moxyinc.ca\/cwoht\/fr\/211-test\/","og_locale":"fr_CA","og_type":"article","og_title":"211 Test - Central West Ontario Health Team","og_description":"&nbsp; Lorem ipsum dolor sit amet, consectetur adipiscing elit. Cras aliquam egestas efficitur. Curabitur pellentesque, turpis at fermentum pretium, sem mi viverra nisi, eu imperdiet nulla est sed orci. Maecenas rutrum diam metus, hendrerit vehicula enim iaculis vitae. Nulla congue pellentesque risus nec porttitor. Phasellus justo quam, efficitur vitae vestibulum non, porta id risus. Morbi [&hellip;]","og_url":"https:\/\/moxyinc.ca\/cwoht\/fr\/211-test\/","og_site_name":"Central West Ontario Health Team","article_modified_time":"2025-01-20T02:52:18+00:00","twitter_card":"summary_large_image","twitter_misc":{"Estimation du temps de lecture":"2 minutes"},"schema":{"@context":"https:\/\/schema.org","@graph":[{"@type":"WebPage","@id":"https:\/\/moxyinc.ca\/cwoht\/211-test\/","url":"https:\/\/moxyinc.ca\/cwoht\/211-test\/","name":"211 Test - Central West Ontario Health Team","isPartOf":{"@id":"https:\/\/moxyinc.ca\/cwoht\/fr\/#website"},"datePublished":"2025-01-20T02:24:52+00:00","dateModified":"2025-01-20T02:52:18+00:00","breadcrumb":{"@id":"https:\/\/moxyinc.ca\/cwoht\/211-test\/#breadcrumb"},"inLanguage":"fr-CA","potentialAction":[{"@type":"ReadAction","target":["https:\/\/moxyinc.ca\/cwoht\/211-test\/"]}]},{"@type":"BreadcrumbList","@id":"https:\/\/moxyinc.ca\/cwoht\/211-test\/#breadcrumb","itemListElement":[{"@type":"ListItem","position":1,"name":"Accueil","item":"https:\/\/moxyinc.ca\/cwoht\/fr\/"},{"@type":"ListItem","position":2,"name":"211 Test"}]},{"@type":"WebSite","@id":"https:\/\/moxyinc.ca\/cwoht\/fr\/#website","url":"https:\/\/moxyinc.ca\/cwoht\/fr\/","name":"\u00c9quipe Sant\u00e9 du Centre-Ouest de l&#039;Ontario","description":"Desservant Brampton, North Etobicoke, West Woodbridge, Malton et Bramalea","potentialAction":[{"@type":"SearchAction","target":{"@type":"EntryPoint","urlTemplate":"https:\/\/moxyinc.ca\/cwoht\/fr\/?s={search_term_string}"},"query-input":{"@type":"PropertyValueSpecification","valueRequired":true,"valueName":"search_term_string"}}],"inLanguage":"fr-CA"}]}},"taxonomy_info":[],"featured_image_src_large":false,"author_info":{"display_name":"Moxy","author_link":"https:\/\/moxyinc.ca\/cwoht\/fr\/author\/moxy\/"},"comment_info":0,"_links":{"self":[{"href":"https:\/\/moxyinc.ca\/cwoht\/fr\/wp-json\/wp\/v2\/pages\/2803","targetHints":{"allow":["GET"]}}],"collection":[{"href":"https:\/\/moxyinc.ca\/cwoht\/fr\/wp-json\/wp\/v2\/pages"}],"about":[{"href":"https:\/\/moxyinc.ca\/cwoht\/fr\/wp-json\/wp\/v2\/types\/page"}],"author":[{"embeddable":true,"href":"https:\/\/moxyinc.ca\/cwoht\/fr\/wp-json\/wp\/v2\/users\/1"}],"replies":[{"embeddable":true,"href":"https:\/\/moxyinc.ca\/cwoht\/fr\/wp-json\/wp\/v2\/comments?post=2803"}],"version-history":[{"count":0,"href":"https:\/\/moxyinc.ca\/cwoht\/fr\/wp-json\/wp\/v2\/pages\/2803\/revisions"}],"wp:attachment":[{"href":"https:\/\/moxyinc.ca\/cwoht\/fr\/wp-json\/wp\/v2\/media?parent=2803"}],"curies":[{"name":"wp","href":"https:\/\/api.w.org\/{rel}","templated":true}]}}