{"id":4466,"date":"2023-10-18T19:05:22","date_gmt":"2023-10-18T23:05:22","guid":{"rendered":"https:\/\/moxyinc.ca\/cwoht\/?page_id=4466"},"modified":"2025-02-24T10:21:55","modified_gmt":"2025-02-24T15:21:55","slug":"strategic-plan","status":"publish","type":"page","link":"https:\/\/moxyinc.ca\/cwoht\/fr\/about\/strategic-plan\/","title":{"rendered":"Plan strat\u00e9gique"},"content":{"rendered":"<p>&nbsp;<\/p>\n\n\n\n<h2 class=\"wp-block-heading\">Plan strat\u00e9gique<\/h2>\n\n\n\n<p>Au nom du Conseil de collaboration, nous sommes heureux de pr\u00e9senter le plan strat\u00e9gique inaugural de CW OHT, une feuille de route visionnaire qui a \u00e9t\u00e9 \u00e9labor\u00e9e gr\u00e2ce \u00e0 une collaboration approfondie avec un certain nombre de partenaires pr\u00e9cieux au sein de notre communaut\u00e9. Ce plan sera officiellement lanc\u00e9 le 1er avril 2024 et est con\u00e7u pour guider notre organisation dans un parcours de transformation au cours des trois prochaines ann\u00e9es. Nous nous engageons \u00e0 maintenir une communication transparente en partageant constamment des mises \u00e0 jour sur nos progr\u00e8s dans la r\u00e9alisation des objectifs strat\u00e9giques, en favorisant une culture de responsabilit\u00e9 et en garantissant notre succ\u00e8s collectif. Cette initiative dynamique fa\u00e7onnera non seulement l\u2019avenir de notre organisation, mais contribuera \u00e9galement au d\u00e9veloppement et \u00e0 l\u2019am\u00e9lioration continus de notre communaut\u00e9. Si vous avez des commentaires ou des questions sur le plan strat\u00e9gique, veuillez contacter notre<span style=\"color: #008080;\"><strong> <a style=\"color: #008080;\" href=\"mailto:info@centralwestoht.ca\">\u00e9quipe.<\/a><\/strong><\/span><\/p>\n\n\n\n<p>Pour consulter le plan strat\u00e9gique complet, veuillez cliquer ici\u00a0:<span style=\"color: #008080;\"><strong> <a style=\"color: #008080;\" href=\"https:\/\/moxyinc.ca\/cwoht\/wp-content\/uploads\/sites\/29\/2023\/10\/22CWOHT001_StrategicPlan_Public_V3.pdf\">Plan strat\u00e9gique<\/a><\/strong><\/span><\/p>\n\n\n<style>.kb-image4466_f56e47-de .kb-image-has-overlay:after{opacity:0.3;}<\/style>\n<div class=\"wp-block-kadence-image kb-image4466_f56e47-de\"><figure class=\"aligncenter size-large\"><a href=\"https:\/\/moxyinc.ca\/cwoht\/wp-content\/uploads\/sites\/29\/2023\/10\/22CWOHT001_StrategicPlan_Public_V3.pdf\" class=\"kb-advanced-image-link\"><img loading=\"lazy\" decoding=\"async\" width=\"663\" height=\"1024\" src=\"https:\/\/moxyinc.ca\/cwoht\/wp-content\/uploads\/sites\/29\/2023\/10\/22CWOHT001_OnePager_V3_page-0001-663x1024.jpg\" alt=\"\" class=\"kb-img wp-image-4472\" srcset=\"https:\/\/moxyinc.ca\/cwoht\/wp-content\/uploads\/sites\/29\/2023\/10\/22CWOHT001_OnePager_V3_page-0001-663x1024.jpg 663w, https:\/\/moxyinc.ca\/cwoht\/wp-content\/uploads\/sites\/29\/2023\/10\/22CWOHT001_OnePager_V3_page-0001-194x300.jpg 194w, https:\/\/moxyinc.ca\/cwoht\/wp-content\/uploads\/sites\/29\/2023\/10\/22CWOHT001_OnePager_V3_page-0001-768x1187.jpg 768w, https:\/\/moxyinc.ca\/cwoht\/wp-content\/uploads\/sites\/29\/2023\/10\/22CWOHT001_OnePager_V3_page-0001-994x1536.jpg 994w, https:\/\/moxyinc.ca\/cwoht\/wp-content\/uploads\/sites\/29\/2023\/10\/22CWOHT001_OnePager_V3_page-0001-1325x2048.jpg 1325w, https:\/\/moxyinc.ca\/cwoht\/wp-content\/uploads\/sites\/29\/2023\/10\/22CWOHT001_OnePager_V3_page-0001-8x12.jpg 8w, https:\/\/moxyinc.ca\/cwoht\/wp-content\/uploads\/sites\/29\/2023\/10\/22CWOHT001_OnePager_V3_page-0001-200x309.jpg 200w, https:\/\/moxyinc.ca\/cwoht\/wp-content\/uploads\/sites\/29\/2023\/10\/22CWOHT001_OnePager_V3_page-0001-400x618.jpg 400w, https:\/\/moxyinc.ca\/cwoht\/wp-content\/uploads\/sites\/29\/2023\/10\/22CWOHT001_OnePager_V3_page-0001-600x927.jpg 600w, https:\/\/moxyinc.ca\/cwoht\/wp-content\/uploads\/sites\/29\/2023\/10\/22CWOHT001_OnePager_V3_page-0001-800x1236.jpg 800w, https:\/\/moxyinc.ca\/cwoht\/wp-content\/uploads\/sites\/29\/2023\/10\/22CWOHT001_OnePager_V3_page-0001-1200x1855.jpg 1200w, https:\/\/moxyinc.ca\/cwoht\/wp-content\/uploads\/sites\/29\/2023\/10\/22CWOHT001_OnePager_V3_page-0001.jpg 1650w\" sizes=\"auto, (max-width: 663px) 100vw, 663px\" \/><\/a><\/figure><\/div>\n\n\n\n<p>&nbsp;<\/p>\n\n\n\n<h2 class=\"wp-block-heading\">Plan d&#039;affaires annuel \u2013 exercice 24\/25<\/h2>\n\n\n\n<p>Le plan d&#039;affaires annuel d\u00e9crit nos priorit\u00e9s pour les exercices 24-25 qui nous guideront vers la r\u00e9alisation de notre vision gr\u00e2ce \u00e0 des objectifs r\u00e9alisables align\u00e9s sur nos orientations strat\u00e9giques. Il renforce notre engagement envers les priorit\u00e9s actuelles de CW OHT tout en restant flexible pour nous adapter \u00e0 l\u2019acc\u00e9l\u00e9ration de l\u2019OHT, \u00e0 la modernisation des soins \u00e0 domicile et \u00e0 l\u2019\u00e9volution des besoins de la communaut\u00e9. Align\u00e9 sur les priorit\u00e9s de Sant\u00e9 Ontario, il met l&#039;accent sur les soins int\u00e9gr\u00e9s, l&#039;orientation des patients, le leadership collaboratif et l&#039;engagement des soins primaires. Le plan met en \u00e9vidence les initiatives cl\u00e9s dans ces domaines, offrant une approche cibl\u00e9e sans englober toutes les op\u00e9rations d\u2019OHT. Si vous avez des questions sur le plan d&#039;affaires annuel, veuillez contacter notre<span style=\"color: #008080;\"><strong> <a style=\"color: #008080;\" href=\"mailto:info@centralwestoht.ca\">\u00e9quipe.<\/a><\/strong><\/span><\/p>\n\n\n\n<p>Pour consulter le plan d\u2019affaires annuel complet, veuillez cliquer ici\u00a0:<span style=\"color: #008080;\"><strong> <a style=\"color: #008080;\" href=\"https:\/\/moxyinc.ca\/cwoht\/wp-content\/uploads\/sites\/29\/2024\/01\/CW-OHT-2024-25-Annual-Business-Plan.pdf\" target=\"_blank\" rel=\"noopener\">Plan d&#039;affaires annuel<\/a><\/strong><\/span><\/p>\n\n\n\n<p>&nbsp;<\/p>","protected":false},"excerpt":{"rendered":"<p>&nbsp; Strategic Plan On behalf of the Collaboration Council, we are pleased to present the CW OHT inaugural Strategic Plan, a visionary roadmap that has been developed through extensive collaboration with a number of valued partners within our community. This plan will officially launch on April 1st, 2024 and is designed to guide our organization [&hellip;]<\/p>\n","protected":false},"author":32,"featured_media":0,"parent":1053,"menu_order":0,"comment_status":"closed","ping_status":"closed","template":"","meta":{"_acf_changed":false,"_kad_blocks_custom_css":"","_kad_blocks_head_custom_js":"","_kad_blocks_body_custom_js":"","_kad_blocks_footer_custom_js":"","footnotes":""},"class_list":["post-4466","page","type-page","status-publish","hentry"],"acf":[],"yoast_head":"<!-- This site is optimized with the Yoast SEO plugin v27.4 - https:\/\/yoast.com\/product\/yoast-seo-wordpress\/ -->\n<title>Strategic Plan - Central West Ontario Health Team<\/title>\n<meta name=\"robots\" content=\"index, follow, max-snippet:-1, max-image-preview:large, max-video-preview:-1\" \/>\n<link rel=\"canonical\" href=\"https:\/\/moxyinc.ca\/cwoht\/fr\/about\/strategic-plan\/\" \/>\n<meta property=\"og:locale\" content=\"fr_CA\" \/>\n<meta property=\"og:type\" content=\"article\" \/>\n<meta property=\"og:title\" content=\"Strategic Plan - Central West Ontario Health Team\" \/>\n<meta property=\"og:description\" content=\"&nbsp; Strategic Plan On behalf of the Collaboration Council, we are pleased to present the CW OHT inaugural Strategic Plan, a visionary roadmap that has been developed through extensive collaboration with a number of valued partners within our community. This plan will officially launch on April 1st, 2024 and is designed to guide our organization [&hellip;]\" \/>\n<meta property=\"og:url\" content=\"https:\/\/moxyinc.ca\/cwoht\/fr\/about\/strategic-plan\/\" \/>\n<meta property=\"og:site_name\" content=\"Central West Ontario Health Team\" \/>\n<meta property=\"article:modified_time\" content=\"2025-02-24T15:21:55+00:00\" \/>\n<meta property=\"og:image\" content=\"https:\/\/moxyinc.ca\/cwoht\/wp-content\/uploads\/sites\/29\/2023\/10\/22CWOHT001_OnePager_V3_page-0001-663x1024.jpg\" \/>\n<meta name=\"twitter:card\" content=\"summary_large_image\" \/>\n<meta name=\"twitter:label1\" content=\"Estimation du temps de lecture\" \/>\n\t<meta name=\"twitter:data1\" content=\"2 minutes\" \/>\n<script type=\"application\/ld+json\" class=\"yoast-schema-graph\">{\"@context\":\"https:\\\/\\\/schema.org\",\"@graph\":[{\"@type\":\"WebPage\",\"@id\":\"https:\\\/\\\/moxyinc.ca\\\/cwoht\\\/fr\\\/about\\\/strategic-plan\\\/\",\"url\":\"https:\\\/\\\/moxyinc.ca\\\/cwoht\\\/fr\\\/about\\\/strategic-plan\\\/\",\"name\":\"Strategic Plan - Central West Ontario Health Team\",\"isPartOf\":{\"@id\":\"https:\\\/\\\/moxyinc.ca\\\/cwoht\\\/fr\\\/#website\"},\"primaryImageOfPage\":{\"@id\":\"https:\\\/\\\/moxyinc.ca\\\/cwoht\\\/fr\\\/about\\\/strategic-plan\\\/#primaryimage\"},\"image\":{\"@id\":\"https:\\\/\\\/moxyinc.ca\\\/cwoht\\\/fr\\\/about\\\/strategic-plan\\\/#primaryimage\"},\"thumbnailUrl\":\"https:\\\/\\\/moxyinc.ca\\\/cwoht\\\/wp-content\\\/uploads\\\/sites\\\/29\\\/2023\\\/10\\\/22CWOHT001_OnePager_V3_page-0001-663x1024.jpg\",\"datePublished\":\"2023-10-18T23:05:22+00:00\",\"dateModified\":\"2025-02-24T15:21:55+00:00\",\"breadcrumb\":{\"@id\":\"https:\\\/\\\/moxyinc.ca\\\/cwoht\\\/fr\\\/about\\\/strategic-plan\\\/#breadcrumb\"},\"inLanguage\":\"fr-CA\",\"potentialAction\":[{\"@type\":\"ReadAction\",\"target\":[\"https:\\\/\\\/moxyinc.ca\\\/cwoht\\\/fr\\\/about\\\/strategic-plan\\\/\"]}]},{\"@type\":\"ImageObject\",\"inLanguage\":\"fr-CA\",\"@id\":\"https:\\\/\\\/moxyinc.ca\\\/cwoht\\\/fr\\\/about\\\/strategic-plan\\\/#primaryimage\",\"url\":\"https:\\\/\\\/moxyinc.ca\\\/cwoht\\\/wp-content\\\/uploads\\\/sites\\\/29\\\/2023\\\/10\\\/22CWOHT001_OnePager_V3_page-0001-663x1024.jpg\",\"contentUrl\":\"https:\\\/\\\/moxyinc.ca\\\/cwoht\\\/wp-content\\\/uploads\\\/sites\\\/29\\\/2023\\\/10\\\/22CWOHT001_OnePager_V3_page-0001-663x1024.jpg\"},{\"@type\":\"BreadcrumbList\",\"@id\":\"https:\\\/\\\/moxyinc.ca\\\/cwoht\\\/fr\\\/about\\\/strategic-plan\\\/#breadcrumb\",\"itemListElement\":[{\"@type\":\"ListItem\",\"position\":1,\"name\":\"Accueil\",\"item\":\"https:\\\/\\\/moxyinc.ca\\\/cwoht\\\/fr\\\/\"},{\"@type\":\"ListItem\",\"position\":2,\"name\":\"About Us\",\"item\":\"https:\\\/\\\/moxyinc.ca\\\/cwoht\\\/fr\\\/about\\\/\"},{\"@type\":\"ListItem\",\"position\":3,\"name\":\"Strategic Plan\"}]},{\"@type\":\"WebSite\",\"@id\":\"https:\\\/\\\/moxyinc.ca\\\/cwoht\\\/fr\\\/#website\",\"url\":\"https:\\\/\\\/moxyinc.ca\\\/cwoht\\\/fr\\\/\",\"name\":\"Central West Ontario Health Team\",\"description\":\"Serving Brampton, North Etobicoke, West Woodbridge, Malton and Bramalea\",\"potentialAction\":[{\"@type\":\"SearchAction\",\"target\":{\"@type\":\"EntryPoint\",\"urlTemplate\":\"https:\\\/\\\/moxyinc.ca\\\/cwoht\\\/fr\\\/?s={search_term_string}\"},\"query-input\":{\"@type\":\"PropertyValueSpecification\",\"valueRequired\":true,\"valueName\":\"search_term_string\"}}],\"inLanguage\":\"fr-CA\"}]}<\/script>\n<!-- \/ Yoast SEO plugin. -->","yoast_head_json":{"title":"Strategic Plan - Central West Ontario Health Team","robots":{"index":"index","follow":"follow","max-snippet":"max-snippet:-1","max-image-preview":"max-image-preview:large","max-video-preview":"max-video-preview:-1"},"canonical":"https:\/\/moxyinc.ca\/cwoht\/fr\/about\/strategic-plan\/","og_locale":"fr_CA","og_type":"article","og_title":"Strategic Plan - Central West Ontario Health Team","og_description":"&nbsp; Strategic Plan On behalf of the Collaboration Council, we are pleased to present the CW OHT inaugural Strategic Plan, a visionary roadmap that has been developed through extensive collaboration with a number of valued partners within our community. This plan will officially launch on April 1st, 2024 and is designed to guide our organization [&hellip;]","og_url":"https:\/\/moxyinc.ca\/cwoht\/fr\/about\/strategic-plan\/","og_site_name":"Central West Ontario Health Team","article_modified_time":"2025-02-24T15:21:55+00:00","og_image":[{"url":"https:\/\/moxyinc.ca\/cwoht\/wp-content\/uploads\/sites\/29\/2023\/10\/22CWOHT001_OnePager_V3_page-0001-663x1024.jpg","type":"","width":"","height":""}],"twitter_card":"summary_large_image","twitter_misc":{"Estimation du temps de lecture":"2 minutes"},"schema":{"@context":"https:\/\/schema.org","@graph":[{"@type":"WebPage","@id":"https:\/\/moxyinc.ca\/cwoht\/fr\/about\/strategic-plan\/","url":"https:\/\/moxyinc.ca\/cwoht\/fr\/about\/strategic-plan\/","name":"Strategic Plan - Central West Ontario Health Team","isPartOf":{"@id":"https:\/\/moxyinc.ca\/cwoht\/fr\/#website"},"primaryImageOfPage":{"@id":"https:\/\/moxyinc.ca\/cwoht\/fr\/about\/strategic-plan\/#primaryimage"},"image":{"@id":"https:\/\/moxyinc.ca\/cwoht\/fr\/about\/strategic-plan\/#primaryimage"},"thumbnailUrl":"https:\/\/moxyinc.ca\/cwoht\/wp-content\/uploads\/sites\/29\/2023\/10\/22CWOHT001_OnePager_V3_page-0001-663x1024.jpg","datePublished":"2023-10-18T23:05:22+00:00","dateModified":"2025-02-24T15:21:55+00:00","breadcrumb":{"@id":"https:\/\/moxyinc.ca\/cwoht\/fr\/about\/strategic-plan\/#breadcrumb"},"inLanguage":"fr-CA","potentialAction":[{"@type":"ReadAction","target":["https:\/\/moxyinc.ca\/cwoht\/fr\/about\/strategic-plan\/"]}]},{"@type":"ImageObject","inLanguage":"fr-CA","@id":"https:\/\/moxyinc.ca\/cwoht\/fr\/about\/strategic-plan\/#primaryimage","url":"https:\/\/moxyinc.ca\/cwoht\/wp-content\/uploads\/sites\/29\/2023\/10\/22CWOHT001_OnePager_V3_page-0001-663x1024.jpg","contentUrl":"https:\/\/moxyinc.ca\/cwoht\/wp-content\/uploads\/sites\/29\/2023\/10\/22CWOHT001_OnePager_V3_page-0001-663x1024.jpg"},{"@type":"BreadcrumbList","@id":"https:\/\/moxyinc.ca\/cwoht\/fr\/about\/strategic-plan\/#breadcrumb","itemListElement":[{"@type":"ListItem","position":1,"name":"Accueil","item":"https:\/\/moxyinc.ca\/cwoht\/fr\/"},{"@type":"ListItem","position":2,"name":"About Us","item":"https:\/\/moxyinc.ca\/cwoht\/fr\/about\/"},{"@type":"ListItem","position":3,"name":"Strategic Plan"}]},{"@type":"WebSite","@id":"https:\/\/moxyinc.ca\/cwoht\/fr\/#website","url":"https:\/\/moxyinc.ca\/cwoht\/fr\/","name":"\u00c9quipe Sant\u00e9 du Centre-Ouest de l&#039;Ontario","description":"Desservant Brampton, North Etobicoke, West Woodbridge, Malton et Bramalea","potentialAction":[{"@type":"SearchAction","target":{"@type":"EntryPoint","urlTemplate":"https:\/\/moxyinc.ca\/cwoht\/fr\/?s={search_term_string}"},"query-input":{"@type":"PropertyValueSpecification","valueRequired":true,"valueName":"search_term_string"}}],"inLanguage":"fr-CA"}]}},"taxonomy_info":[],"featured_image_src_large":false,"author_info":{"display_name":"Central West","author_link":"https:\/\/moxyinc.ca\/cwoht\/fr\/author\/centralwestoht\/"},"comment_info":0,"_links":{"self":[{"href":"https:\/\/moxyinc.ca\/cwoht\/fr\/wp-json\/wp\/v2\/pages\/4466","targetHints":{"allow":["GET"]}}],"collection":[{"href":"https:\/\/moxyinc.ca\/cwoht\/fr\/wp-json\/wp\/v2\/pages"}],"about":[{"href":"https:\/\/moxyinc.ca\/cwoht\/fr\/wp-json\/wp\/v2\/types\/page"}],"author":[{"embeddable":true,"href":"https:\/\/moxyinc.ca\/cwoht\/fr\/wp-json\/wp\/v2\/users\/32"}],"replies":[{"embeddable":true,"href":"https:\/\/moxyinc.ca\/cwoht\/fr\/wp-json\/wp\/v2\/comments?post=4466"}],"version-history":[{"count":0,"href":"https:\/\/moxyinc.ca\/cwoht\/fr\/wp-json\/wp\/v2\/pages\/4466\/revisions"}],"up":[{"embeddable":true,"href":"https:\/\/moxyinc.ca\/cwoht\/fr\/wp-json\/wp\/v2\/pages\/1053"}],"wp:attachment":[{"href":"https:\/\/moxyinc.ca\/cwoht\/fr\/wp-json\/wp\/v2\/media?parent=4466"}],"curies":[{"name":"wp","href":"https:\/\/api.w.org\/{rel}","templated":true}]}}